{"id":11,"date":"2012-10-03T14:23:33","date_gmt":"2012-10-03T14:23:33","guid":{"rendered":"http:\/\/www.fact.utwente.nl\/wordpress\/?page_id=11"},"modified":"2023-10-25T11:39:48","modified_gmt":"2023-10-25T09:39:48","slug":"c-s-v-alpha","status":"publish","type":"page","link":"https:\/\/pkvvfact.nl\/en\/verenigingen\/c-s-v-alpha\/","title":{"rendered":"C.S.V. Alpha"},"content":{"rendered":"<div data-elementor-type=\"wp-post\" data-elementor-id=\"11\" class=\"elementor elementor-11\">\n\t\t\t\t\t\t<section class=\"elementor-section elementor-top-section elementor-element elementor-element-20186f0b elementor-section-boxed elementor-section-height-default elementor-section-height-default\" data-id=\"20186f0b\" data-element_type=\"section\" data-e-type=\"section\">\n\t\t\t\t\t\t<div class=\"elementor-container elementor-column-gap-default\">\n\t\t\t\t\t<div class=\"elementor-column elementor-col-100 elementor-top-column elementor-element elementor-element-16316ee\" data-id=\"16316ee\" data-element_type=\"column\" data-e-type=\"column\">\n\t\t\t<div class=\"elementor-widget-wrap elementor-element-populated\">\n\t\t\t\t\t\t<section class=\"elementor-section elementor-inner-section elementor-element elementor-element-4cd3ce5d elementor-section-boxed elementor-section-height-default elementor-section-height-default\" data-id=\"4cd3ce5d\" data-element_type=\"section\" data-e-type=\"section\">\n\t\t\t\t\t\t<div class=\"elementor-container elementor-column-gap-default\">\n\t\t\t\t\t<div class=\"elementor-column elementor-col-66 elementor-inner-column elementor-element elementor-element-63b384f7\" data-id=\"63b384f7\" data-element_type=\"column\" data-e-type=\"column\">\n\t\t\t<div class=\"elementor-widget-wrap elementor-element-populated\">\n\t\t\t\t\t\t<div class=\"elementor-element elementor-element-7ef06e34 elementor-widget elementor-widget-text-editor\" data-id=\"7ef06e34\" data-element_type=\"widget\" data-e-type=\"widget\" data-widget_type=\"text-editor.default\">\n\t\t\t\t<div class=\"elementor-widget-container\">\n\t\t\t\t\t\t\t\t\t<p class=\"MsoNormal\"><i>Alpha is een christelijke studentenvereniging. Onze open sfeer zorgt ervoor dat je je snel welkom voelt. We worden met ruim 110 leden vaak d\u00e9 christelijke gezelligheidsvereniging van Enschede genoemd. In onze eigen soci\u00ebteit Flux in de Pakkerij aan de Oude Markt houden we van goede gesprekken onder het genot van een biertje. Je bent van harte uitgenodigd om een keertje langs te komen!<\/i><o:p><\/o:p><\/p><p>C.S.V. Alpha is opgericht in 1980 en is d\u00e9 christelijke gezelligheidsvereniging waar gezelligheid en christelijke vorming gecombineerd worden tot \u00e9\u00e9n unieke studentenvereniging in Enschede!<\/p><p>De grondslag van Alpha is &#8220;de boodschap van de Bijbel als richtsnoer voor het leven&#8221;. Als je lid wordt kan je kiezen of je deze grondslag onderschrijft of respecteert.\u00a0 We staan niet alleen voor\u00a0 christenen open, maar voor iedereen die ge\u00efnteresseerd is in het christelijke geloof. Met deze grondslag blijft het christelijk karakter van Alpha gewaarborgd,\u00a0 en tegelijkertijd is Alpha de juiste plek voor allerlei soorten overtuigingen. De verschillende meningen maakt Alpha een gevarieerde en diverse vereniging.<\/p><p>Vriendschap, vorming en verantwoordelijkheid staan hierbij centraal. De vriendschap komt naar voren in de omgang van de leden onderling, de betrokkenheid bij elkaar en bij de vereniging. Het gaat hier ook om vriendschappen buiten de vereniging,\u00a0 Bovendien worden vriendschappen buiten de vereniging opgedaan, bijvoorbeeld bij onze broeder- en zusterverenigingen.<\/p><p>Open staan voor verschillende meningen is een belangrijk kenmerk van Alpha en maakt haar tot een diverse en gekleurde vereniging. Bij Alpha vind je leden met allerlei verschillende achtergronden, van reformatorisch tot pinkstergemeente, van katholiek tot helemaal geen kerkelijke achtergrond, van mensen die actief met het geloof bezig zijn tot mensen die juist zoekende zijn. Die diversiteit zorgt ervoor dat veel verschillende soorten mensen zich thuisvoelen bij Alpha en dat er voor iedereen wat wils is. Je kunt van elkaar leren en samen een hoop gezelligheid beleven.<\/p><p>De vereniging kent een grote actieve kern, die zorgt voor een bruisend en gevarieerd verenigingsleven, waarbij vorming en gezelligheid hand in hand gaan. Iedere twee weken zijn er Bijbelkringen over uiteenlopende thema\u2019s en er worden regelmatig thema-avonden georganiseerd. Ook swingende sing-in\u2019s vind je bij Alpha! Daarnaast is er ook een hele hoop gezelligheid bij de wekelijkse soci\u00ebteitsavond op de donderdag, leuke feesten, gala\u2019s, relaxte weekenden en de jaarlijkse zeilweek. Er is dus iedere week genoeg te beleven!<\/p><p>De krachtige combinatie van gezellige vorming en vormende gezelligheid is de sleutel tot een onvergetelijke studententijd en vrienden voor het leven!<\/p><p>Wil je graag meer weten of een keer de sfeer proven? Kom dan een keer langs op een soci\u00ebteitsavond!<\/p>\t\t\t\t\t\t\t\t<\/div>\n\t\t\t\t<\/div>\n\t\t\t\t\t<\/div>\n\t\t<\/div>\n\t\t\t\t<div class=\"elementor-column elementor-col-33 elementor-inner-column elementor-element elementor-element-41626a4b\" data-id=\"41626a4b\" data-element_type=\"column\" data-e-type=\"column\">\n\t\t\t<div class=\"elementor-widget-wrap elementor-element-populated\">\n\t\t\t\t\t\t<div class=\"elementor-element elementor-element-8122bee elementor-widget elementor-widget-image\" data-id=\"8122bee\" data-element_type=\"widget\" data-e-type=\"widget\" data-widget_type=\"image.default\">\n\t\t\t\t<div class=\"elementor-widget-container\">\n\t\t\t\t\t\t\t\t\t\t\t\t\t\t\t\t<a href=\"https:\/\/www.aegee-enschede.nl\/\" target=\"_blank\">\n\t\t\t\t\t\t\t<img fetchpriority=\"high\" decoding=\"async\" width=\"1600\" height=\"1596\" src=\"https:\/\/pkvvfact.nl\/wp-content\/uploads\/2018\/02\/Alpha.png\" class=\"attachment-full size-full wp-image-806\" alt=\"\" srcset=\"https:\/\/pkvvfact.nl\/wp-content\/uploads\/2018\/02\/Alpha.png 1600w, https:\/\/pkvvfact.nl\/wp-content\/uploads\/2018\/02\/Alpha-150x150.png 150w, https:\/\/pkvvfact.nl\/wp-content\/uploads\/2018\/02\/Alpha-300x300.png 300w, https:\/\/pkvvfact.nl\/wp-content\/uploads\/2018\/02\/Alpha-768x766.png 768w, https:\/\/pkvvfact.nl\/wp-content\/uploads\/2018\/02\/Alpha-1024x1021.png 1024w\" sizes=\"(max-width: 1600px) 100vw, 1600px\" \/>\t\t\t\t\t\t\t\t<\/a>\n\t\t\t\t\t\t\t\t\t\t\t\t\t\t\t<\/div>\n\t\t\t\t<\/div>\n\t\t\t\t<div class=\"elementor-element elementor-element-25a4ae2 elementor-widget elementor-widget-heading\" data-id=\"25a4ae2\" data-element_type=\"widget\" data-e-type=\"widget\" data-widget_type=\"heading.default\">\n\t\t\t\t<div class=\"elementor-widget-container\">\n\t\t\t\t\t<h4 class=\"elementor-heading-title elementor-size-default\">C.S.V. Alpha<\/h4>\t\t\t\t<\/div>\n\t\t\t\t<\/div>\n\t\t\t\t<div class=\"elementor-element elementor-element-1849af2c elementor-widget elementor-widget-text-editor\" data-id=\"1849af2c\" data-element_type=\"widget\" data-e-type=\"widget\" data-widget_type=\"text-editor.default\">\n\t\t\t\t<div class=\"elementor-widget-container\">\n\t\t\t\t\t\t\t\t\t<p style=\"text-align: left;\"><strong>Opgericht op:<\/strong><br \/> 28 april 1980<\/p><p style=\"text-align: left;\"><strong>Soci\u00ebteit:<\/strong><br \/> Soci\u00ebteit Flux (Pakkerij)<\/p><p style=\"text-align: left;\"><strong>Website<\/strong><br \/><a href=\"https:\/\/csvalpha.nl\">csvalpha.nl<\/a><\/p><p style=\"text-align: left;\"><strong>E-mail<\/strong><br \/><a href=\"mailto:senaat@csvalpha.nl\" target=\"_blank\" rel=\"noopener\">senaat@csvalpha.nl<\/a><\/p>\t\t\t\t\t\t\t\t<\/div>\n\t\t\t\t<\/div>\n\t\t\t\t\t<\/div>\n\t\t<\/div>\n\t\t\t\t\t<\/div>\n\t\t<\/section>\n\t\t\t\t\t<\/div>\n\t\t<\/div>\n\t\t\t\t\t<\/div>\n\t\t<\/section>\n\t\t\t\t<\/div>","protected":false},"excerpt":{"rendered":"<p>Alpha is een christelijke studentenvereniging. Onze open sfeer zorgt ervoor dat je je snel welkom voelt. We worden met ruim 110 leden vaak d\u00e9 christelijke gezelligheidsvereniging van Enschede genoemd. In onze eigen soci\u00ebteit Flux in de Pakkerij aan de Oude Markt houden we van goede gesprekken onder het genot van [&hellip;]<\/p>\n","protected":false},"author":6,"featured_media":2074,"parent":36,"menu_order":0,"comment_status":"closed","ping_status":"closed","template":"","meta":{"_exactmetrics_skip_tracking":false,"_exactmetrics_sitenote_active":false,"_exactmetrics_sitenote_note":"","_exactmetrics_sitenote_category":0,"footnotes":""},"class_list":["post-11","page","type-page","status-publish","has-post-thumbnail","hentry"],"yoast_head":"<!-- This site is optimized with the Yoast SEO plugin v27.4 - https:\/\/yoast.com\/product\/yoast-seo-wordpress\/ -->\n<title>C.S.V. Alpha - P.K.v.V. Fact<\/title>\n<meta name=\"robots\" content=\"index, follow, max-snippet:-1, max-image-preview:large, max-video-preview:-1\" \/>\n<link rel=\"canonical\" href=\"https:\/\/pkvvfact.nl\/en\/verenigingen\/c-s-v-alpha\/\" \/>\n<meta property=\"og:locale\" content=\"en_US\" \/>\n<meta property=\"og:type\" content=\"article\" \/>\n<meta property=\"og:title\" content=\"C.S.V. Alpha - P.K.v.V. Fact\" \/>\n<meta property=\"og:description\" content=\"Alpha is een christelijke studentenvereniging. Onze open sfeer zorgt ervoor dat je je snel welkom voelt. We worden met ruim 110 leden vaak d\u00e9 christelijke gezelligheidsvereniging van Enschede genoemd. In onze eigen soci\u00ebteit Flux in de Pakkerij aan de Oude Markt houden we van goede gesprekken onder het genot van [&hellip;]\" \/>\n<meta property=\"og:url\" content=\"https:\/\/pkvvfact.nl\/en\/verenigingen\/c-s-v-alpha\/\" \/>\n<meta property=\"og:site_name\" content=\"P.K.v.V. Fact\" \/>\n<meta property=\"article:publisher\" content=\"https:\/\/facebook.com\/plaatselijkekamervanverenigingenfact\" \/>\n<meta property=\"article:modified_time\" content=\"2023-10-25T09:39:48+00:00\" \/>\n<meta property=\"og:image\" content=\"https:\/\/pkvvfact.nl\/wp-content\/uploads\/2023\/10\/26817.jpeg\" \/>\n\t<meta property=\"og:image:width\" content=\"2048\" \/>\n\t<meta property=\"og:image:height\" content=\"1363\" \/>\n\t<meta property=\"og:image:type\" content=\"image\/jpeg\" \/>\n<meta name=\"twitter:card\" content=\"summary_large_image\" \/>\n<meta name=\"twitter:label1\" content=\"Est. reading time\" \/>\n\t<meta name=\"twitter:data1\" content=\"3 minutes\" \/>\n<script type=\"application\/ld+json\" class=\"yoast-schema-graph\">{\"@context\":\"https:\\\/\\\/schema.org\",\"@graph\":[{\"@type\":\"WebPage\",\"@id\":\"https:\\\/\\\/pkvvfact.nl\\\/verenigingen\\\/c-s-v-alpha\\\/\",\"url\":\"https:\\\/\\\/pkvvfact.nl\\\/verenigingen\\\/c-s-v-alpha\\\/\",\"name\":\"C.S.V. Alpha - P.K.v.V. Fact\",\"isPartOf\":{\"@id\":\"https:\\\/\\\/pkvvfact.nl\\\/en\\\/#website\"},\"primaryImageOfPage\":{\"@id\":\"https:\\\/\\\/pkvvfact.nl\\\/verenigingen\\\/c-s-v-alpha\\\/#primaryimage\"},\"image\":{\"@id\":\"https:\\\/\\\/pkvvfact.nl\\\/verenigingen\\\/c-s-v-alpha\\\/#primaryimage\"},\"thumbnailUrl\":\"https:\\\/\\\/pkvvfact.nl\\\/wp-content\\\/uploads\\\/2023\\\/10\\\/26817.jpeg\",\"datePublished\":\"2012-10-03T14:23:33+00:00\",\"dateModified\":\"2023-10-25T09:39:48+00:00\",\"breadcrumb\":{\"@id\":\"https:\\\/\\\/pkvvfact.nl\\\/verenigingen\\\/c-s-v-alpha\\\/#breadcrumb\"},\"inLanguage\":\"en-US\",\"potentialAction\":[{\"@type\":\"ReadAction\",\"target\":[\"https:\\\/\\\/pkvvfact.nl\\\/verenigingen\\\/c-s-v-alpha\\\/\"]}]},{\"@type\":\"ImageObject\",\"inLanguage\":\"en-US\",\"@id\":\"https:\\\/\\\/pkvvfact.nl\\\/verenigingen\\\/c-s-v-alpha\\\/#primaryimage\",\"url\":\"https:\\\/\\\/pkvvfact.nl\\\/wp-content\\\/uploads\\\/2023\\\/10\\\/26817.jpeg\",\"contentUrl\":\"https:\\\/\\\/pkvvfact.nl\\\/wp-content\\\/uploads\\\/2023\\\/10\\\/26817.jpeg\",\"width\":2048,\"height\":1363},{\"@type\":\"BreadcrumbList\",\"@id\":\"https:\\\/\\\/pkvvfact.nl\\\/verenigingen\\\/c-s-v-alpha\\\/#breadcrumb\",\"itemListElement\":[{\"@type\":\"ListItem\",\"position\":1,\"name\":\"Home\",\"item\":\"https:\\\/\\\/pkvvfact.nl\\\/\"},{\"@type\":\"ListItem\",\"position\":2,\"name\":\"Verenigingen\",\"item\":\"https:\\\/\\\/pkvvfact.nl\\\/verenigingen\\\/\"},{\"@type\":\"ListItem\",\"position\":3,\"name\":\"C.S.V. Alpha\"}]},{\"@type\":\"WebSite\",\"@id\":\"https:\\\/\\\/pkvvfact.nl\\\/en\\\/#website\",\"url\":\"https:\\\/\\\/pkvvfact.nl\\\/en\\\/\",\"name\":\"P.K.v.V. Fact\",\"description\":\"Koepel van Enschedese Studentenverenigingen\",\"publisher\":{\"@id\":\"https:\\\/\\\/pkvvfact.nl\\\/en\\\/#organization\"},\"potentialAction\":[{\"@type\":\"SearchAction\",\"target\":{\"@type\":\"EntryPoint\",\"urlTemplate\":\"https:\\\/\\\/pkvvfact.nl\\\/en\\\/?s={search_term_string}\"},\"query-input\":{\"@type\":\"PropertyValueSpecification\",\"valueRequired\":true,\"valueName\":\"search_term_string\"}}],\"inLanguage\":\"en-US\"},{\"@type\":\"Organization\",\"@id\":\"https:\\\/\\\/pkvvfact.nl\\\/en\\\/#organization\",\"name\":\"P.K.v.V. Fact\",\"url\":\"https:\\\/\\\/pkvvfact.nl\\\/en\\\/\",\"logo\":{\"@type\":\"ImageObject\",\"inLanguage\":\"en-US\",\"@id\":\"https:\\\/\\\/pkvvfact.nl\\\/en\\\/#\\\/schema\\\/logo\\\/image\\\/\",\"url\":\"https:\\\/\\\/pkvvfact.nl\\\/wp-content\\\/uploads\\\/2018\\\/01\\\/Logo-Fact-Zwart-420p.png\",\"contentUrl\":\"https:\\\/\\\/pkvvfact.nl\\\/wp-content\\\/uploads\\\/2018\\\/01\\\/Logo-Fact-Zwart-420p.png\",\"width\":594,\"height\":420,\"caption\":\"P.K.v.V. Fact\"},\"image\":{\"@id\":\"https:\\\/\\\/pkvvfact.nl\\\/en\\\/#\\\/schema\\\/logo\\\/image\\\/\"},\"sameAs\":[\"https:\\\/\\\/facebook.com\\\/plaatselijkekamervanverenigingenfact\",\"https:\\\/\\\/instagram.com\\\/pkvvfact\"]}]}<\/script>\n<!-- \/ Yoast SEO plugin. -->","yoast_head_json":{"title":"C.S.V. Alpha - P.K.v.V. Fact","robots":{"index":"index","follow":"follow","max-snippet":"max-snippet:-1","max-image-preview":"max-image-preview:large","max-video-preview":"max-video-preview:-1"},"canonical":"https:\/\/pkvvfact.nl\/en\/verenigingen\/c-s-v-alpha\/","og_locale":"en_US","og_type":"article","og_title":"C.S.V. Alpha - P.K.v.V. Fact","og_description":"Alpha is een christelijke studentenvereniging. Onze open sfeer zorgt ervoor dat je je snel welkom voelt. We worden met ruim 110 leden vaak d\u00e9 christelijke gezelligheidsvereniging van Enschede genoemd. In onze eigen soci\u00ebteit Flux in de Pakkerij aan de Oude Markt houden we van goede gesprekken onder het genot van [&hellip;]","og_url":"https:\/\/pkvvfact.nl\/en\/verenigingen\/c-s-v-alpha\/","og_site_name":"P.K.v.V. Fact","article_publisher":"https:\/\/facebook.com\/plaatselijkekamervanverenigingenfact","article_modified_time":"2023-10-25T09:39:48+00:00","og_image":[{"width":2048,"height":1363,"url":"https:\/\/pkvvfact.nl\/wp-content\/uploads\/2023\/10\/26817.jpeg","type":"image\/jpeg"}],"twitter_card":"summary_large_image","twitter_misc":{"Est. reading time":"3 minutes"},"schema":{"@context":"https:\/\/schema.org","@graph":[{"@type":"WebPage","@id":"https:\/\/pkvvfact.nl\/verenigingen\/c-s-v-alpha\/","url":"https:\/\/pkvvfact.nl\/verenigingen\/c-s-v-alpha\/","name":"C.S.V. Alpha - P.K.v.V. Fact","isPartOf":{"@id":"https:\/\/pkvvfact.nl\/en\/#website"},"primaryImageOfPage":{"@id":"https:\/\/pkvvfact.nl\/verenigingen\/c-s-v-alpha\/#primaryimage"},"image":{"@id":"https:\/\/pkvvfact.nl\/verenigingen\/c-s-v-alpha\/#primaryimage"},"thumbnailUrl":"https:\/\/pkvvfact.nl\/wp-content\/uploads\/2023\/10\/26817.jpeg","datePublished":"2012-10-03T14:23:33+00:00","dateModified":"2023-10-25T09:39:48+00:00","breadcrumb":{"@id":"https:\/\/pkvvfact.nl\/verenigingen\/c-s-v-alpha\/#breadcrumb"},"inLanguage":"en-US","potentialAction":[{"@type":"ReadAction","target":["https:\/\/pkvvfact.nl\/verenigingen\/c-s-v-alpha\/"]}]},{"@type":"ImageObject","inLanguage":"en-US","@id":"https:\/\/pkvvfact.nl\/verenigingen\/c-s-v-alpha\/#primaryimage","url":"https:\/\/pkvvfact.nl\/wp-content\/uploads\/2023\/10\/26817.jpeg","contentUrl":"https:\/\/pkvvfact.nl\/wp-content\/uploads\/2023\/10\/26817.jpeg","width":2048,"height":1363},{"@type":"BreadcrumbList","@id":"https:\/\/pkvvfact.nl\/verenigingen\/c-s-v-alpha\/#breadcrumb","itemListElement":[{"@type":"ListItem","position":1,"name":"Home","item":"https:\/\/pkvvfact.nl\/"},{"@type":"ListItem","position":2,"name":"Verenigingen","item":"https:\/\/pkvvfact.nl\/verenigingen\/"},{"@type":"ListItem","position":3,"name":"C.S.V. Alpha"}]},{"@type":"WebSite","@id":"https:\/\/pkvvfact.nl\/en\/#website","url":"https:\/\/pkvvfact.nl\/en\/","name":"P.K.v.V. Fact","description":"Koepel van Enschedese Studentenverenigingen","publisher":{"@id":"https:\/\/pkvvfact.nl\/en\/#organization"},"potentialAction":[{"@type":"SearchAction","target":{"@type":"EntryPoint","urlTemplate":"https:\/\/pkvvfact.nl\/en\/?s={search_term_string}"},"query-input":{"@type":"PropertyValueSpecification","valueRequired":true,"valueName":"search_term_string"}}],"inLanguage":"en-US"},{"@type":"Organization","@id":"https:\/\/pkvvfact.nl\/en\/#organization","name":"P.K.v.V. Fact","url":"https:\/\/pkvvfact.nl\/en\/","logo":{"@type":"ImageObject","inLanguage":"en-US","@id":"https:\/\/pkvvfact.nl\/en\/#\/schema\/logo\/image\/","url":"https:\/\/pkvvfact.nl\/wp-content\/uploads\/2018\/01\/Logo-Fact-Zwart-420p.png","contentUrl":"https:\/\/pkvvfact.nl\/wp-content\/uploads\/2018\/01\/Logo-Fact-Zwart-420p.png","width":594,"height":420,"caption":"P.K.v.V. Fact"},"image":{"@id":"https:\/\/pkvvfact.nl\/en\/#\/schema\/logo\/image\/"},"sameAs":["https:\/\/facebook.com\/plaatselijkekamervanverenigingenfact","https:\/\/instagram.com\/pkvvfact"]}]}},"amp_enabled":true,"_links":{"self":[{"href":"https:\/\/pkvvfact.nl\/en\/wp-json\/wp\/v2\/pages\/11","targetHints":{"allow":["GET"]}}],"collection":[{"href":"https:\/\/pkvvfact.nl\/en\/wp-json\/wp\/v2\/pages"}],"about":[{"href":"https:\/\/pkvvfact.nl\/en\/wp-json\/wp\/v2\/types\/page"}],"author":[{"embeddable":true,"href":"https:\/\/pkvvfact.nl\/en\/wp-json\/wp\/v2\/users\/6"}],"replies":[{"embeddable":true,"href":"https:\/\/pkvvfact.nl\/en\/wp-json\/wp\/v2\/comments?post=11"}],"version-history":[{"count":6,"href":"https:\/\/pkvvfact.nl\/en\/wp-json\/wp\/v2\/pages\/11\/revisions"}],"predecessor-version":[{"id":2077,"href":"https:\/\/pkvvfact.nl\/en\/wp-json\/wp\/v2\/pages\/11\/revisions\/2077"}],"up":[{"embeddable":true,"href":"https:\/\/pkvvfact.nl\/en\/wp-json\/wp\/v2\/pages\/36"}],"wp:featuredmedia":[{"embeddable":true,"href":"https:\/\/pkvvfact.nl\/en\/wp-json\/wp\/v2\/media\/2074"}],"wp:attachment":[{"href":"https:\/\/pkvvfact.nl\/en\/wp-json\/wp\/v2\/media?parent=11"}],"curies":[{"name":"wp","href":"https:\/\/api.w.org\/{rel}","templated":true}]}}