{"id":478,"date":"2012-10-03T13:05:21","date_gmt":"2012-10-03T13:05:21","guid":{"rendered":"http:\/\/www.fact.utwente.nl\/wordpress\/?page_id=2"},"modified":"2018-01-07T17:48:45","modified_gmt":"2018-01-07T16:48:45","slug":"aegee-enschede","status":"publish","type":"page","link":"https:\/\/pkvvfact.nl\/en\/verenigingen\/aegee-enschede\/","title":{"rendered":"AEGEE-Enschede"},"content":{"rendered":"<div data-elementor-type=\"wp-post\" data-elementor-id=\"478\" class=\"elementor elementor-478 elementor-bc-flex-widget\">\n\t\t\t\t\t\t<section class=\"elementor-section elementor-top-section elementor-element elementor-element-bc75973 elementor-section-boxed elementor-section-height-default elementor-section-height-default\" data-id=\"bc75973\" data-element_type=\"section\" data-e-type=\"section\">\n\t\t\t\t\t\t<div class=\"elementor-container elementor-column-gap-default\">\n\t\t\t\t\t<div class=\"elementor-column elementor-col-100 elementor-top-column elementor-element elementor-element-3760b2a\" data-id=\"3760b2a\" data-element_type=\"column\" data-e-type=\"column\">\n\t\t\t<div class=\"elementor-widget-wrap elementor-element-populated\">\n\t\t\t\t\t\t<section class=\"elementor-section elementor-inner-section elementor-element elementor-element-d487923 elementor-section-boxed elementor-section-height-default elementor-section-height-default\" data-id=\"d487923\" data-element_type=\"section\" data-e-type=\"section\">\n\t\t\t\t\t\t<div class=\"elementor-container elementor-column-gap-default\">\n\t\t\t\t\t<div class=\"elementor-column elementor-col-66 elementor-inner-column elementor-element elementor-element-3bab374\" data-id=\"3bab374\" data-element_type=\"column\" data-e-type=\"column\">\n\t\t\t<div class=\"elementor-widget-wrap elementor-element-populated\">\n\t\t\t\t\t\t<div class=\"elementor-element elementor-element-0a01cfc elementor-widget elementor-widget-text-editor\" data-id=\"0a01cfc\" data-element_type=\"widget\" data-e-type=\"widget\" data-widget_type=\"text-editor.default\">\n\t\t\t\t<div class=\"elementor-widget-container\">\n\t\t\t\t\t\t\t\t\t<p><em>AEGEE-Enschede is een van de grootste studentenverenigingen in Enschede, zowel voor studenten aan de Universiteit als Saxion. Met meer dan 180 zusterverenigingen zijn de mogelijkheden bij AEGEE grenzeloos. Van lekker feesten in de kroeg tot meedoen aan grote congressen, vakanties en uitwisselingen:\u00a0alles is mogelijk om je studententijd te verrijken en veel ervaring op te doen!<\/em><\/p>\t\t\t\t\t\t\t\t<\/div>\n\t\t\t\t<\/div>\n\t\t\t\t<div class=\"elementor-element elementor-element-ed6d918 elementor-widget elementor-widget-heading\" data-id=\"ed6d918\" data-element_type=\"widget\" data-e-type=\"widget\" data-widget_type=\"heading.default\">\n\t\t\t\t<div class=\"elementor-widget-container\">\n\t\t\t\t\t<h5 class=\"elementor-heading-title elementor-size-default\">De vereniging<\/h5>\t\t\t\t<\/div>\n\t\t\t\t<\/div>\n\t\t\t\t<div class=\"elementor-element elementor-element-618f7db elementor-widget elementor-widget-text-editor\" data-id=\"618f7db\" data-element_type=\"widget\" data-e-type=\"widget\" data-widget_type=\"text-editor.default\">\n\t\t\t\t<div class=\"elementor-widget-container\">\n\t\t\t\t\t\t\t\t\t<p>AEGEE-Enschede is op 2 april 1987 opgericht door een enthousiaste groep van 20 studenten. Sinds die tijd is de vereniging uitgegroeid tot een van de grootste studentenverenigingen van Enschede met ruim 300\u00a0leden.<\/p><p>AEGEE-Enschede kent geen traditionele ontgroening, maar de voor iedereen vrije en toegankelijke HAIP (Het After Intro Programma). Hierbij wordt de mogelijkheid geboden om de vereniging en haar leden te leren kennen. Het dagelijks bestuur van de vereniging wordt gevormd door vier tot zes actieve studenten, die de vereniging fulltime leiden en zorg dragen voor onder meer de financi\u00ebn, organisatie van activiteiten, planning en begeleiding van commissies.<\/p><h4><img fetchpriority=\"high\" decoding=\"async\" src=\"https:\/\/pkvvfact.nl\/wp-content\/uploads\/2017\/12\/IMG_0504-e1512502074428.jpg\" alt=\"\" width=\"1000\" height=\"667\" class=\"alignnone size-full wp-image-694\" \/><\/h4>\t\t\t\t\t\t\t\t<\/div>\n\t\t\t\t<\/div>\n\t\t\t\t<div class=\"elementor-element elementor-element-f2713c0 elementor-widget elementor-widget-heading\" data-id=\"f2713c0\" data-element_type=\"widget\" data-e-type=\"widget\" data-widget_type=\"heading.default\">\n\t\t\t\t<div class=\"elementor-widget-container\">\n\t\t\t\t\t<h5 class=\"elementor-heading-title elementor-size-default\">Soci\u00ebteit<\/h5>\t\t\t\t<\/div>\n\t\t\t\t<\/div>\n\t\t\t\t<div class=\"elementor-element elementor-element-cdadd8a elementor-widget elementor-widget-text-editor\" data-id=\"cdadd8a\" data-element_type=\"widget\" data-e-type=\"widget\" data-widget_type=\"text-editor.default\">\n\t\t\t\t<div class=\"elementor-widget-container\">\n\t\t\t\t\t\t\t\t\t<p>In 1996 is onze eigen soci\u00ebteit Asterion geopend. Deze bevindt zich op de begane grond van de Pakkerij, het pand van de vier grootste studentenverenigingen van Enschede op de Oude Markt. Het beheer van de soci\u00ebteit ligt in handen van zes soci\u00ebteitsbestuurders die zorgen voor het bier, de tappers, muziek en het deurbeleid. De soci\u00ebteit, ook wel Onze Kroeg, heeft zijn eigen website waar je meer informatie kan vinden over haar bestuur en de geschiedenis.\u00a0<\/p><h4><\/h4><h4><em><img decoding=\"async\" src=\"https:\/\/pkvvfact.nl\/wp-content\/uploads\/2017\/12\/verbanden-e1512502140541.jpg\" alt=\"\" width=\"1000\" height=\"506\" class=\"alignnone size-full wp-image-695\" \/><\/em><\/h4>\t\t\t\t\t\t\t\t<\/div>\n\t\t\t\t<\/div>\n\t\t\t\t<div class=\"elementor-element elementor-element-00a5c27 elementor-widget elementor-widget-heading\" data-id=\"00a5c27\" data-element_type=\"widget\" data-e-type=\"widget\" data-widget_type=\"heading.default\">\n\t\t\t\t<div class=\"elementor-widget-container\">\n\t\t\t\t\t<h5 class=\"elementor-heading-title elementor-size-default\">Verbanden<\/h5>\t\t\t\t<\/div>\n\t\t\t\t<\/div>\n\t\t\t\t<div class=\"elementor-element elementor-element-916f4b2 elementor-widget elementor-widget-text-editor\" data-id=\"916f4b2\" data-element_type=\"widget\" data-e-type=\"widget\" data-widget_type=\"text-editor.default\">\n\t\t\t\t<div class=\"elementor-widget-container\">\n\t\t\t\t\t\t\t\t\t<p>Binnen AEGEE-Enschede zijn er een aantal verbanden waarmee je van je studententijd een fantastische tijd kunt maken. Samen met een aantal anderen die in hetzelfde jaar lid zijn geworden van AEGEE kun je een jaarclub vormen, waarmee je wekelijks samen eet, op reis gaat en activiteiten organiseert voor AEGEE. Ook hebben we de verticale verbanden: disputen en genootschappen. Een dispuut is een groep mensen met een onderling sterke band die ook nog na je studententijd blijft bestaan. Genootschappen zijn groepjes van leden die rond een bepaald thema met elkaar verbonden zijn.<\/p>\t\t\t\t\t\t\t\t<\/div>\n\t\t\t\t<\/div>\n\t\t\t\t\t<\/div>\n\t\t<\/div>\n\t\t\t\t<div class=\"elementor-column elementor-col-33 elementor-inner-column elementor-element elementor-element-2e8c9d7\" data-id=\"2e8c9d7\" data-element_type=\"column\" data-e-type=\"column\">\n\t\t\t<div class=\"elementor-widget-wrap elementor-element-populated\">\n\t\t\t\t\t\t<div class=\"elementor-element elementor-element-b99ad80 elementor-widget elementor-widget-image\" data-id=\"b99ad80\" data-element_type=\"widget\" data-e-type=\"widget\" data-widget_type=\"image.default\">\n\t\t\t\t<div class=\"elementor-widget-container\">\n\t\t\t\t\t\t\t\t\t\t\t\t\t\t\t\t<a href=\"https:\/\/www.aegee-enschede.nl\/\" target=\"_blank\">\n\t\t\t\t\t\t\t<img decoding=\"async\" width=\"480\" height=\"332\" src=\"https:\/\/pkvvfact.nl\/wp-content\/uploads\/2017\/12\/Logo-AEGEE-Enschede_blue_large-e1512500398567.png\" class=\"attachment-full size-full wp-image-693\" alt=\"\" \/>\t\t\t\t\t\t\t\t<\/a>\n\t\t\t\t\t\t\t\t\t\t\t\t\t\t\t<\/div>\n\t\t\t\t<\/div>\n\t\t\t\t<div class=\"elementor-element elementor-element-471db60 elementor-widget elementor-widget-heading\" data-id=\"471db60\" data-element_type=\"widget\" data-e-type=\"widget\" data-widget_type=\"heading.default\">\n\t\t\t\t<div class=\"elementor-widget-container\">\n\t\t\t\t\t<h4 class=\"elementor-heading-title elementor-size-default\">AEGEE-Enschede<\/h4>\t\t\t\t<\/div>\n\t\t\t\t<\/div>\n\t\t\t\t<div class=\"elementor-element elementor-element-a61d13d elementor-widget elementor-widget-text-editor\" data-id=\"a61d13d\" data-element_type=\"widget\" data-e-type=\"widget\" data-widget_type=\"text-editor.default\">\n\t\t\t\t<div class=\"elementor-widget-container\">\n\t\t\t\t\t\t\t\t\t<p style=\"text-align: left;\"><strong>Opgericht op:<\/strong><br \/> 2 april 1987<\/p><p style=\"text-align: left;\"><strong>Soci\u00ebteit:<\/strong><br \/> Soci\u00ebteit Asterion (Pakkerij)<\/p><p style=\"text-align: left;\"><strong>Website<\/strong><br \/> <a href=\"https:\/\/www.aegee-enschede.nl\/\" target=\"_blank\" rel=\"noopener\">aegee-enschede.nl<\/a><\/p><p style=\"text-align: left;\"><strong>E-mail<\/strong><br \/> <a href=\"mailto:board@aegee-enschede.nl\"><span>board@aegee-enschede.nl<\/span><\/a><\/p>\t\t\t\t\t\t\t\t<\/div>\n\t\t\t\t<\/div>\n\t\t\t\t\t<\/div>\n\t\t<\/div>\n\t\t\t\t\t<\/div>\n\t\t<\/section>\n\t\t\t\t\t<\/div>\n\t\t<\/div>\n\t\t\t\t\t<\/div>\n\t\t<\/section>\n\t\t\t\t<\/div>","protected":false},"excerpt":{"rendered":"<p>AEGEE-Enschede is een van de grootste studentenverenigingen in Enschede, zowel voor studenten aan de Universiteit als Saxion. Met meer dan 180 zusterverenigingen zijn de mogelijkheden bij AEGEE grenzeloos. Van lekker feesten in de kroeg tot meedoen aan grote congressen, vakanties en uitwisselingen:\u00a0alles is mogelijk om je studententijd te verrijken en [&hellip;]<\/p>\n","protected":false},"author":6,"featured_media":697,"parent":36,"menu_order":0,"comment_status":"closed","ping_status":"closed","template":"","meta":{"_exactmetrics_skip_tracking":false,"_exactmetrics_sitenote_active":false,"_exactmetrics_sitenote_note":"","_exactmetrics_sitenote_category":0,"footnotes":""},"class_list":["post-478","page","type-page","status-publish","has-post-thumbnail","hentry"],"yoast_head":"<!-- This site is optimized with the Yoast SEO plugin v27.3 - https:\/\/yoast.com\/product\/yoast-seo-wordpress\/ -->\n<title>AEGEE-Enschede - P.K.v.V. Fact<\/title>\n<meta name=\"robots\" content=\"index, follow, max-snippet:-1, max-image-preview:large, max-video-preview:-1\" \/>\n<link rel=\"canonical\" href=\"https:\/\/pkvvfact.nl\/en\/verenigingen\/aegee-enschede\/\" \/>\n<meta property=\"og:locale\" content=\"en_US\" \/>\n<meta property=\"og:type\" content=\"article\" \/>\n<meta property=\"og:title\" content=\"AEGEE-Enschede - P.K.v.V. Fact\" \/>\n<meta property=\"og:description\" content=\"AEGEE-Enschede is een van de grootste studentenverenigingen in Enschede, zowel voor studenten aan de Universiteit als Saxion. Met meer dan 180 zusterverenigingen zijn de mogelijkheden bij AEGEE grenzeloos. Van lekker feesten in de kroeg tot meedoen aan grote congressen, vakanties en uitwisselingen:\u00a0alles is mogelijk om je studententijd te verrijken en [&hellip;]\" \/>\n<meta property=\"og:url\" content=\"https:\/\/pkvvfact.nl\/en\/verenigingen\/aegee-enschede\/\" \/>\n<meta property=\"og:site_name\" content=\"P.K.v.V. Fact\" \/>\n<meta property=\"article:publisher\" content=\"https:\/\/facebook.com\/plaatselijkekamervanverenigingenfact\" \/>\n<meta property=\"article:modified_time\" content=\"2018-01-07T16:48:45+00:00\" \/>\n<meta property=\"og:image\" content=\"https:\/\/pkvvfact.nl\/wp-content\/uploads\/2017\/12\/Titelfoto-e1512502264279.jpg\" \/>\n\t<meta property=\"og:image:width\" content=\"1920\" \/>\n\t<meta property=\"og:image:height\" content=\"1280\" \/>\n\t<meta property=\"og:image:type\" content=\"image\/jpeg\" \/>\n<meta name=\"twitter:card\" content=\"summary_large_image\" \/>\n<meta name=\"twitter:label1\" content=\"Est. reading time\" \/>\n\t<meta name=\"twitter:data1\" content=\"2 minutes\" \/>\n<script type=\"application\/ld+json\" class=\"yoast-schema-graph\">{\"@context\":\"https:\\\/\\\/schema.org\",\"@graph\":[{\"@type\":\"WebPage\",\"@id\":\"https:\\\/\\\/pkvvfact.nl\\\/en\\\/verenigingen\\\/aegee-enschede\\\/\",\"url\":\"https:\\\/\\\/pkvvfact.nl\\\/en\\\/verenigingen\\\/aegee-enschede\\\/\",\"name\":\"AEGEE-Enschede - P.K.v.V. Fact\",\"isPartOf\":{\"@id\":\"https:\\\/\\\/pkvvfact.nl\\\/en\\\/#website\"},\"primaryImageOfPage\":{\"@id\":\"https:\\\/\\\/pkvvfact.nl\\\/en\\\/verenigingen\\\/aegee-enschede\\\/#primaryimage\"},\"image\":{\"@id\":\"https:\\\/\\\/pkvvfact.nl\\\/en\\\/verenigingen\\\/aegee-enschede\\\/#primaryimage\"},\"thumbnailUrl\":\"https:\\\/\\\/pkvvfact.nl\\\/wp-content\\\/uploads\\\/2017\\\/12\\\/Titelfoto-e1512502264279.jpg\",\"datePublished\":\"2012-10-03T13:05:21+00:00\",\"dateModified\":\"2018-01-07T16:48:45+00:00\",\"breadcrumb\":{\"@id\":\"https:\\\/\\\/pkvvfact.nl\\\/en\\\/verenigingen\\\/aegee-enschede\\\/#breadcrumb\"},\"inLanguage\":\"en-US\",\"potentialAction\":[{\"@type\":\"ReadAction\",\"target\":[\"https:\\\/\\\/pkvvfact.nl\\\/en\\\/verenigingen\\\/aegee-enschede\\\/\"]}]},{\"@type\":\"ImageObject\",\"inLanguage\":\"en-US\",\"@id\":\"https:\\\/\\\/pkvvfact.nl\\\/en\\\/verenigingen\\\/aegee-enschede\\\/#primaryimage\",\"url\":\"https:\\\/\\\/pkvvfact.nl\\\/wp-content\\\/uploads\\\/2017\\\/12\\\/Titelfoto-e1512502264279.jpg\",\"contentUrl\":\"https:\\\/\\\/pkvvfact.nl\\\/wp-content\\\/uploads\\\/2017\\\/12\\\/Titelfoto-e1512502264279.jpg\",\"width\":1920,\"height\":1280},{\"@type\":\"BreadcrumbList\",\"@id\":\"https:\\\/\\\/pkvvfact.nl\\\/en\\\/verenigingen\\\/aegee-enschede\\\/#breadcrumb\",\"itemListElement\":[{\"@type\":\"ListItem\",\"position\":1,\"name\":\"Home\",\"item\":\"https:\\\/\\\/pkvvfact.nl\\\/\"},{\"@type\":\"ListItem\",\"position\":2,\"name\":\"Verenigingen\",\"item\":\"https:\\\/\\\/pkvvfact.nl\\\/verenigingen\\\/\"},{\"@type\":\"ListItem\",\"position\":3,\"name\":\"AEGEE-Enschede\"}]},{\"@type\":\"WebSite\",\"@id\":\"https:\\\/\\\/pkvvfact.nl\\\/en\\\/#website\",\"url\":\"https:\\\/\\\/pkvvfact.nl\\\/en\\\/\",\"name\":\"P.K.v.V. Fact\",\"description\":\"Koepel van Enschedese Studentenverenigingen\",\"publisher\":{\"@id\":\"https:\\\/\\\/pkvvfact.nl\\\/en\\\/#organization\"},\"potentialAction\":[{\"@type\":\"SearchAction\",\"target\":{\"@type\":\"EntryPoint\",\"urlTemplate\":\"https:\\\/\\\/pkvvfact.nl\\\/en\\\/?s={search_term_string}\"},\"query-input\":{\"@type\":\"PropertyValueSpecification\",\"valueRequired\":true,\"valueName\":\"search_term_string\"}}],\"inLanguage\":\"en-US\"},{\"@type\":\"Organization\",\"@id\":\"https:\\\/\\\/pkvvfact.nl\\\/en\\\/#organization\",\"name\":\"P.K.v.V. Fact\",\"url\":\"https:\\\/\\\/pkvvfact.nl\\\/en\\\/\",\"logo\":{\"@type\":\"ImageObject\",\"inLanguage\":\"en-US\",\"@id\":\"https:\\\/\\\/pkvvfact.nl\\\/en\\\/#\\\/schema\\\/logo\\\/image\\\/\",\"url\":\"https:\\\/\\\/pkvvfact.nl\\\/wp-content\\\/uploads\\\/2018\\\/01\\\/Logo-Fact-Zwart-420p.png\",\"contentUrl\":\"https:\\\/\\\/pkvvfact.nl\\\/wp-content\\\/uploads\\\/2018\\\/01\\\/Logo-Fact-Zwart-420p.png\",\"width\":594,\"height\":420,\"caption\":\"P.K.v.V. Fact\"},\"image\":{\"@id\":\"https:\\\/\\\/pkvvfact.nl\\\/en\\\/#\\\/schema\\\/logo\\\/image\\\/\"},\"sameAs\":[\"https:\\\/\\\/facebook.com\\\/plaatselijkekamervanverenigingenfact\",\"https:\\\/\\\/instagram.com\\\/pkvvfact\"]}]}<\/script>\n<!-- \/ Yoast SEO plugin. -->","yoast_head_json":{"title":"AEGEE-Enschede - P.K.v.V. Fact","robots":{"index":"index","follow":"follow","max-snippet":"max-snippet:-1","max-image-preview":"max-image-preview:large","max-video-preview":"max-video-preview:-1"},"canonical":"https:\/\/pkvvfact.nl\/en\/verenigingen\/aegee-enschede\/","og_locale":"en_US","og_type":"article","og_title":"AEGEE-Enschede - P.K.v.V. Fact","og_description":"AEGEE-Enschede is een van de grootste studentenverenigingen in Enschede, zowel voor studenten aan de Universiteit als Saxion. Met meer dan 180 zusterverenigingen zijn de mogelijkheden bij AEGEE grenzeloos. Van lekker feesten in de kroeg tot meedoen aan grote congressen, vakanties en uitwisselingen:\u00a0alles is mogelijk om je studententijd te verrijken en [&hellip;]","og_url":"https:\/\/pkvvfact.nl\/en\/verenigingen\/aegee-enschede\/","og_site_name":"P.K.v.V. Fact","article_publisher":"https:\/\/facebook.com\/plaatselijkekamervanverenigingenfact","article_modified_time":"2018-01-07T16:48:45+00:00","og_image":[{"width":1920,"height":1280,"url":"https:\/\/pkvvfact.nl\/wp-content\/uploads\/2017\/12\/Titelfoto-e1512502264279.jpg","type":"image\/jpeg"}],"twitter_card":"summary_large_image","twitter_misc":{"Est. reading time":"2 minutes"},"schema":{"@context":"https:\/\/schema.org","@graph":[{"@type":"WebPage","@id":"https:\/\/pkvvfact.nl\/en\/verenigingen\/aegee-enschede\/","url":"https:\/\/pkvvfact.nl\/en\/verenigingen\/aegee-enschede\/","name":"AEGEE-Enschede - P.K.v.V. Fact","isPartOf":{"@id":"https:\/\/pkvvfact.nl\/en\/#website"},"primaryImageOfPage":{"@id":"https:\/\/pkvvfact.nl\/en\/verenigingen\/aegee-enschede\/#primaryimage"},"image":{"@id":"https:\/\/pkvvfact.nl\/en\/verenigingen\/aegee-enschede\/#primaryimage"},"thumbnailUrl":"https:\/\/pkvvfact.nl\/wp-content\/uploads\/2017\/12\/Titelfoto-e1512502264279.jpg","datePublished":"2012-10-03T13:05:21+00:00","dateModified":"2018-01-07T16:48:45+00:00","breadcrumb":{"@id":"https:\/\/pkvvfact.nl\/en\/verenigingen\/aegee-enschede\/#breadcrumb"},"inLanguage":"en-US","potentialAction":[{"@type":"ReadAction","target":["https:\/\/pkvvfact.nl\/en\/verenigingen\/aegee-enschede\/"]}]},{"@type":"ImageObject","inLanguage":"en-US","@id":"https:\/\/pkvvfact.nl\/en\/verenigingen\/aegee-enschede\/#primaryimage","url":"https:\/\/pkvvfact.nl\/wp-content\/uploads\/2017\/12\/Titelfoto-e1512502264279.jpg","contentUrl":"https:\/\/pkvvfact.nl\/wp-content\/uploads\/2017\/12\/Titelfoto-e1512502264279.jpg","width":1920,"height":1280},{"@type":"BreadcrumbList","@id":"https:\/\/pkvvfact.nl\/en\/verenigingen\/aegee-enschede\/#breadcrumb","itemListElement":[{"@type":"ListItem","position":1,"name":"Home","item":"https:\/\/pkvvfact.nl\/"},{"@type":"ListItem","position":2,"name":"Verenigingen","item":"https:\/\/pkvvfact.nl\/verenigingen\/"},{"@type":"ListItem","position":3,"name":"AEGEE-Enschede"}]},{"@type":"WebSite","@id":"https:\/\/pkvvfact.nl\/en\/#website","url":"https:\/\/pkvvfact.nl\/en\/","name":"P.K.v.V. Fact","description":"Koepel van Enschedese Studentenverenigingen","publisher":{"@id":"https:\/\/pkvvfact.nl\/en\/#organization"},"potentialAction":[{"@type":"SearchAction","target":{"@type":"EntryPoint","urlTemplate":"https:\/\/pkvvfact.nl\/en\/?s={search_term_string}"},"query-input":{"@type":"PropertyValueSpecification","valueRequired":true,"valueName":"search_term_string"}}],"inLanguage":"en-US"},{"@type":"Organization","@id":"https:\/\/pkvvfact.nl\/en\/#organization","name":"P.K.v.V. Fact","url":"https:\/\/pkvvfact.nl\/en\/","logo":{"@type":"ImageObject","inLanguage":"en-US","@id":"https:\/\/pkvvfact.nl\/en\/#\/schema\/logo\/image\/","url":"https:\/\/pkvvfact.nl\/wp-content\/uploads\/2018\/01\/Logo-Fact-Zwart-420p.png","contentUrl":"https:\/\/pkvvfact.nl\/wp-content\/uploads\/2018\/01\/Logo-Fact-Zwart-420p.png","width":594,"height":420,"caption":"P.K.v.V. Fact"},"image":{"@id":"https:\/\/pkvvfact.nl\/en\/#\/schema\/logo\/image\/"},"sameAs":["https:\/\/facebook.com\/plaatselijkekamervanverenigingenfact","https:\/\/instagram.com\/pkvvfact"]}]}},"amp_enabled":true,"_links":{"self":[{"href":"https:\/\/pkvvfact.nl\/en\/wp-json\/wp\/v2\/pages\/478","targetHints":{"allow":["GET"]}}],"collection":[{"href":"https:\/\/pkvvfact.nl\/en\/wp-json\/wp\/v2\/pages"}],"about":[{"href":"https:\/\/pkvvfact.nl\/en\/wp-json\/wp\/v2\/types\/page"}],"author":[{"embeddable":true,"href":"https:\/\/pkvvfact.nl\/en\/wp-json\/wp\/v2\/users\/6"}],"replies":[{"embeddable":true,"href":"https:\/\/pkvvfact.nl\/en\/wp-json\/wp\/v2\/comments?post=478"}],"version-history":[{"count":6,"href":"https:\/\/pkvvfact.nl\/en\/wp-json\/wp\/v2\/pages\/478\/revisions"}],"predecessor-version":[{"id":774,"href":"https:\/\/pkvvfact.nl\/en\/wp-json\/wp\/v2\/pages\/478\/revisions\/774"}],"up":[{"embeddable":true,"href":"https:\/\/pkvvfact.nl\/en\/wp-json\/wp\/v2\/pages\/36"}],"wp:featuredmedia":[{"embeddable":true,"href":"https:\/\/pkvvfact.nl\/en\/wp-json\/wp\/v2\/media\/697"}],"wp:attachment":[{"href":"https:\/\/pkvvfact.nl\/en\/wp-json\/wp\/v2\/media?parent=478"}],"curies":[{"name":"wp","href":"https:\/\/api.w.org\/{rel}","templated":true}]}}